{"id":1078,"date":"2021-09-13T10:21:15","date_gmt":"2021-09-13T08:21:15","guid":{"rendered":"https:\/\/www.alsaflam.com\/bruleurs-modulaires-2\/"},"modified":"2023-11-23T08:01:15","modified_gmt":"2023-11-23T07:01:15","slug":"bruleurs-modulaires","status":"publish","type":"page","link":"https:\/\/www.alsaflam.com\/en\/our-burners\/bruleurs-modulaires\/","title":{"rendered":"Br\u00fbleurs modulaires"},"content":{"rendered":"\n<p class=\"animated bounceInLeft slow\">Les Br\u00fbleurs Modulaires Gaz sont <strong>directement d\u00e9riv\u00e9s des Br\u00fbleurs Lin\u00e9aires Gaz<\/strong>.<br>Ils apportent aux professionnels la possibilit\u00e9 de <strong>construire leur propre br\u00fbleur<\/strong> lin\u00e9aire en utilisant des <strong>&#8220;briques&#8221; de formes standardis\u00e9es<\/strong>.<br>Les formes obtenues permettent de <strong>cr\u00e9er des lignes de flamme droites, en T\u00e9, en carr\u00e9, en \u00e9chelle, etc\u2026<\/strong><\/p>\n\n\n\n<h3 class=\"wp-block-heading animated bounceInRight slow has-luminous-vivid-amber-color has-text-color\" id=\"construction-de-bruleurs-modulaires\"><strong>Construction de br\u00fbleurs modulaires<\/strong><\/h3>\n\n\n\n<ul class=\"animated bounceInRight slow wp-block-list\">\n<li><strong>\u00e0 la demande<\/strong>,<\/li>\n\n\n\n<li>\u00e0 partir de <strong>briques standardis\u00e9es en acier ou inox<\/strong>,<\/li>\n\n\n\n<li><strong>longueur de 400 mm<\/strong> \u00e0 plusieurs m\u00e8tres par assemblage de briques de 400 mm et 200 mm<\/li>\n<\/ul>\n\n\n\n<h3 class=\"wp-block-heading animated bounceInLeft slow has-luminous-vivid-amber-color has-text-color\" id=\"puissance-nominale\"><strong>Puissance nominale :<\/strong><\/h3>\n\n\n\n<ul class=\"animated bounceInLeft slow wp-block-list\">\n<li><strong>de 50 \u00e0 500 kW \/ m\u00e8tre<\/strong> en ex\u00e9cution simple rang\u00e9e<\/li>\n\n\n\n<li><strong>de 100 \u00e0 800 kW \/ m\u00e8tre <\/strong>en ex\u00e9cution double rang\u00e9e<\/li>\n\n\n\n<li>Tous types de <strong>gaz combustibles<\/strong><\/li>\n<\/ul>\n\n\n<div class=\"wp-block-image\">\n<figure class=\"aligncenter size-full\"><img loading=\"lazy\" decoding=\"async\" width=\"734\" height=\"393\" src=\"https:\/\/www.alsaflam.com\/wp-content\/uploads\/2021\/09\/photo_modulaires.png\" alt=\"br\u00fbleurs modulaires\" class=\"wp-image-375\" srcset=\"https:\/\/www.alsaflam.com\/wp-content\/uploads\/2021\/09\/photo_modulaires.png 734w, https:\/\/www.alsaflam.com\/wp-content\/uploads\/2021\/09\/photo_modulaires-300x161.png 300w\" sizes=\"auto, (max-width: 734px) 100vw, 734px\" \/><\/figure>\n<\/div>\n\n\n<div class=\"wp-block-columns is-layout-flex wp-container-core-columns-is-layout-9d6595d7 wp-block-columns-is-layout-flex\">\n<div class=\"wp-block-column is-layout-flow wp-block-column-is-layout-flow\">\n<div class=\"wp-block-buttons is-content-justification-center is-layout-flex wp-container-core-buttons-is-layout-16018d1d wp-block-buttons-is-layout-flex\">\n<div class=\"wp-block-button\"><a class=\"wp-block-button__link has-white-color has-luminous-vivid-amber-background-color has-text-color has-background wp-element-button\" href=\"https:\/\/www.alsaflam.com\/en\/achievements\/\">D\u00e9couvrez nos r\u00e9alisations<\/a><\/div>\n<\/div>\n<\/div>\n\n\n\n<div class=\"wp-block-column is-layout-flow wp-block-column-is-layout-flow\">\n<div class=\"wp-block-buttons is-content-justification-center is-layout-flex wp-container-core-buttons-is-layout-16018d1d wp-block-buttons-is-layout-flex\">\n<div class=\"wp-block-button\"><a class=\"wp-block-button__link has-white-color has-luminous-vivid-amber-background-color has-text-color has-background wp-element-button\" href=\"https:\/\/www.alsaflam.com\/en\/our-news\/\">D\u00e9couvrez nos actualit\u00e9s<\/a><\/div>\n<\/div>\n<\/div>\n<\/div>\n","protected":false},"excerpt":{"rendered":"<p>Les Br\u00fbleurs Modulaires Gaz sont directement d\u00e9riv\u00e9s des Br\u00fbleurs Lin\u00e9aires Gaz.Ils apportent aux professionnels la possibilit\u00e9 de construire leur propre br\u00fbleur lin\u00e9aire en utilisant des &#8220;briques&#8221; de formes standardis\u00e9es.Les formes obtenues permettent de cr\u00e9er des lignes de flamme droites, en T\u00e9, en carr\u00e9, en \u00e9chelle, etc\u2026 Construction de br\u00fbleurs modulaires Puissance nominale :<\/p>\n","protected":false},"author":6,"featured_media":961,"parent":1093,"menu_order":2,"comment_status":"closed","ping_status":"closed","template":"","meta":{"inline_featured_image":false,"footnotes":""},"class_list":["post-1078","page","type-page","status-publish","has-post-thumbnail","hentry"],"yoast_head":"<!-- This site is optimized with the Yoast SEO plugin v27.3 - https:\/\/yoast.com\/product\/yoast-seo-wordpress\/ -->\n<title>Br\u00fbleurs modulaires - Alsaflam - Br\u00fbleurs \u00e0 gaz industriel<\/title>\n<meta name=\"description\" content=\"Les Br\u00fbleurs Modulaires Gaz sont directement d\u00e9riv\u00e9s des Br\u00fbleurs Lin\u00e9aires, permettant aux professionnels de construire leur propre br\u00fbleur\" \/>\n<meta name=\"robots\" content=\"index, follow, max-snippet:-1, max-image-preview:large, max-video-preview:-1\" \/>\n<link rel=\"canonical\" href=\"https:\/\/www.alsaflam.com\/en\/our-burners\/bruleurs-modulaires\/\" \/>\n<meta property=\"og:locale\" content=\"en_US\" \/>\n<meta property=\"og:type\" content=\"article\" \/>\n<meta property=\"og:title\" content=\"Br\u00fbleurs modulaires - Alsaflam - Br\u00fbleurs \u00e0 gaz industriel\" \/>\n<meta property=\"og:description\" content=\"Les Br\u00fbleurs Modulaires Gaz sont directement d\u00e9riv\u00e9s des Br\u00fbleurs Lin\u00e9aires, permettant aux professionnels de construire leur propre br\u00fbleur\" \/>\n<meta property=\"og:url\" content=\"https:\/\/www.alsaflam.com\/en\/our-burners\/bruleurs-modulaires\/\" \/>\n<meta property=\"og:site_name\" content=\"Alsaflam\" \/>\n<meta property=\"article:modified_time\" content=\"2023-11-23T07:01:15+00:00\" \/>\n<meta property=\"og:image\" content=\"https:\/\/www.alsaflam.com\/wp-content\/uploads\/2021\/09\/photo_modulaires.png\" \/>\n\t<meta property=\"og:image:width\" content=\"734\" \/>\n\t<meta property=\"og:image:height\" content=\"393\" \/>\n\t<meta property=\"og:image:type\" content=\"image\/png\" \/>\n<meta name=\"twitter:card\" content=\"summary_large_image\" \/>\n<meta name=\"twitter:label1\" content=\"Est. reading time\" \/>\n\t<meta name=\"twitter:data1\" content=\"1 minute\" \/>\n<script type=\"application\/ld+json\" class=\"yoast-schema-graph\">{\"@context\":\"https:\\\/\\\/schema.org\",\"@graph\":[{\"@type\":\"WebPage\",\"@id\":\"https:\\\/\\\/www.alsaflam.com\\\/en\\\/our-burners\\\/bruleurs-modulaires\\\/\",\"url\":\"https:\\\/\\\/www.alsaflam.com\\\/en\\\/our-burners\\\/bruleurs-modulaires\\\/\",\"name\":\"Br\u00fbleurs modulaires - Alsaflam - Br\u00fbleurs \u00e0 gaz industriel\",\"isPartOf\":{\"@id\":\"https:\\\/\\\/www.alsaflam.com\\\/#website\"},\"primaryImageOfPage\":{\"@id\":\"https:\\\/\\\/www.alsaflam.com\\\/en\\\/our-burners\\\/bruleurs-modulaires\\\/#primaryimage\"},\"image\":{\"@id\":\"https:\\\/\\\/www.alsaflam.com\\\/en\\\/our-burners\\\/bruleurs-modulaires\\\/#primaryimage\"},\"thumbnailUrl\":\"https:\\\/\\\/www.alsaflam.com\\\/wp-content\\\/uploads\\\/2021\\\/09\\\/photo_modulaires.png\",\"datePublished\":\"2021-09-13T08:21:15+00:00\",\"dateModified\":\"2023-11-23T07:01:15+00:00\",\"description\":\"Les Br\u00fbleurs Modulaires Gaz sont directement d\u00e9riv\u00e9s des Br\u00fbleurs Lin\u00e9aires, permettant aux professionnels de construire leur propre br\u00fbleur\",\"breadcrumb\":{\"@id\":\"https:\\\/\\\/www.alsaflam.com\\\/en\\\/our-burners\\\/bruleurs-modulaires\\\/#breadcrumb\"},\"inLanguage\":\"en-US\",\"potentialAction\":[{\"@type\":\"ReadAction\",\"target\":[\"https:\\\/\\\/www.alsaflam.com\\\/en\\\/our-burners\\\/bruleurs-modulaires\\\/\"]}]},{\"@type\":\"ImageObject\",\"inLanguage\":\"en-US\",\"@id\":\"https:\\\/\\\/www.alsaflam.com\\\/en\\\/our-burners\\\/bruleurs-modulaires\\\/#primaryimage\",\"url\":\"https:\\\/\\\/www.alsaflam.com\\\/wp-content\\\/uploads\\\/2021\\\/09\\\/photo_modulaires.png\",\"contentUrl\":\"https:\\\/\\\/www.alsaflam.com\\\/wp-content\\\/uploads\\\/2021\\\/09\\\/photo_modulaires.png\",\"width\":734,\"height\":393},{\"@type\":\"BreadcrumbList\",\"@id\":\"https:\\\/\\\/www.alsaflam.com\\\/en\\\/our-burners\\\/bruleurs-modulaires\\\/#breadcrumb\",\"itemListElement\":[{\"@type\":\"ListItem\",\"position\":1,\"name\":\"Accueil\",\"item\":\"https:\\\/\\\/www.alsaflam.com\\\/en\\\/\"},{\"@type\":\"ListItem\",\"position\":2,\"name\":\"Our burners\",\"item\":\"https:\\\/\\\/www.alsaflam.com\\\/en\\\/our-burners\\\/\"},{\"@type\":\"ListItem\",\"position\":3,\"name\":\"Br\u00fbleurs modulaires\"}]},{\"@type\":\"WebSite\",\"@id\":\"https:\\\/\\\/www.alsaflam.com\\\/#website\",\"url\":\"https:\\\/\\\/www.alsaflam.com\\\/\",\"name\":\"Alsaflam\",\"description\":\"\",\"publisher\":{\"@id\":\"https:\\\/\\\/www.alsaflam.com\\\/#organization\"},\"potentialAction\":[{\"@type\":\"SearchAction\",\"target\":{\"@type\":\"EntryPoint\",\"urlTemplate\":\"https:\\\/\\\/www.alsaflam.com\\\/?s={search_term_string}\"},\"query-input\":{\"@type\":\"PropertyValueSpecification\",\"valueRequired\":true,\"valueName\":\"search_term_string\"}}],\"inLanguage\":\"en-US\"},{\"@type\":\"Organization\",\"@id\":\"https:\\\/\\\/www.alsaflam.com\\\/#organization\",\"name\":\"Alsaflam\",\"url\":\"https:\\\/\\\/www.alsaflam.com\\\/\",\"logo\":{\"@type\":\"ImageObject\",\"inLanguage\":\"en-US\",\"@id\":\"https:\\\/\\\/www.alsaflam.com\\\/#\\\/schema\\\/logo\\\/image\\\/\",\"url\":\"https:\\\/\\\/www.alsaflam.com\\\/wp-content\\\/uploads\\\/2021\\\/10\\\/3.jpg\",\"contentUrl\":\"https:\\\/\\\/www.alsaflam.com\\\/wp-content\\\/uploads\\\/2021\\\/10\\\/3.jpg\",\"width\":2400,\"height\":1600,\"caption\":\"Alsaflam\"},\"image\":{\"@id\":\"https:\\\/\\\/www.alsaflam.com\\\/#\\\/schema\\\/logo\\\/image\\\/\"}}]}<\/script>\n<!-- \/ Yoast SEO plugin. -->","yoast_head_json":{"title":"Br\u00fbleurs modulaires - Alsaflam - Br\u00fbleurs \u00e0 gaz industriel","description":"Les Br\u00fbleurs Modulaires Gaz sont directement d\u00e9riv\u00e9s des Br\u00fbleurs Lin\u00e9aires, permettant aux professionnels de construire leur propre br\u00fbleur","robots":{"index":"index","follow":"follow","max-snippet":"max-snippet:-1","max-image-preview":"max-image-preview:large","max-video-preview":"max-video-preview:-1"},"canonical":"https:\/\/www.alsaflam.com\/en\/our-burners\/bruleurs-modulaires\/","og_locale":"en_US","og_type":"article","og_title":"Br\u00fbleurs modulaires - Alsaflam - Br\u00fbleurs \u00e0 gaz industriel","og_description":"Les Br\u00fbleurs Modulaires Gaz sont directement d\u00e9riv\u00e9s des Br\u00fbleurs Lin\u00e9aires, permettant aux professionnels de construire leur propre br\u00fbleur","og_url":"https:\/\/www.alsaflam.com\/en\/our-burners\/bruleurs-modulaires\/","og_site_name":"Alsaflam","article_modified_time":"2023-11-23T07:01:15+00:00","og_image":[{"width":734,"height":393,"url":"https:\/\/www.alsaflam.com\/wp-content\/uploads\/2021\/09\/photo_modulaires.png","type":"image\/png"}],"twitter_card":"summary_large_image","twitter_misc":{"Est. reading time":"1 minute"},"schema":{"@context":"https:\/\/schema.org","@graph":[{"@type":"WebPage","@id":"https:\/\/www.alsaflam.com\/en\/our-burners\/bruleurs-modulaires\/","url":"https:\/\/www.alsaflam.com\/en\/our-burners\/bruleurs-modulaires\/","name":"Br\u00fbleurs modulaires - Alsaflam - Br\u00fbleurs \u00e0 gaz industriel","isPartOf":{"@id":"https:\/\/www.alsaflam.com\/#website"},"primaryImageOfPage":{"@id":"https:\/\/www.alsaflam.com\/en\/our-burners\/bruleurs-modulaires\/#primaryimage"},"image":{"@id":"https:\/\/www.alsaflam.com\/en\/our-burners\/bruleurs-modulaires\/#primaryimage"},"thumbnailUrl":"https:\/\/www.alsaflam.com\/wp-content\/uploads\/2021\/09\/photo_modulaires.png","datePublished":"2021-09-13T08:21:15+00:00","dateModified":"2023-11-23T07:01:15+00:00","description":"Les Br\u00fbleurs Modulaires Gaz sont directement d\u00e9riv\u00e9s des Br\u00fbleurs Lin\u00e9aires, permettant aux professionnels de construire leur propre br\u00fbleur","breadcrumb":{"@id":"https:\/\/www.alsaflam.com\/en\/our-burners\/bruleurs-modulaires\/#breadcrumb"},"inLanguage":"en-US","potentialAction":[{"@type":"ReadAction","target":["https:\/\/www.alsaflam.com\/en\/our-burners\/bruleurs-modulaires\/"]}]},{"@type":"ImageObject","inLanguage":"en-US","@id":"https:\/\/www.alsaflam.com\/en\/our-burners\/bruleurs-modulaires\/#primaryimage","url":"https:\/\/www.alsaflam.com\/wp-content\/uploads\/2021\/09\/photo_modulaires.png","contentUrl":"https:\/\/www.alsaflam.com\/wp-content\/uploads\/2021\/09\/photo_modulaires.png","width":734,"height":393},{"@type":"BreadcrumbList","@id":"https:\/\/www.alsaflam.com\/en\/our-burners\/bruleurs-modulaires\/#breadcrumb","itemListElement":[{"@type":"ListItem","position":1,"name":"Accueil","item":"https:\/\/www.alsaflam.com\/en\/"},{"@type":"ListItem","position":2,"name":"Our burners","item":"https:\/\/www.alsaflam.com\/en\/our-burners\/"},{"@type":"ListItem","position":3,"name":"Br\u00fbleurs modulaires"}]},{"@type":"WebSite","@id":"https:\/\/www.alsaflam.com\/#website","url":"https:\/\/www.alsaflam.com\/","name":"Alsaflam","description":"","publisher":{"@id":"https:\/\/www.alsaflam.com\/#organization"},"potentialAction":[{"@type":"SearchAction","target":{"@type":"EntryPoint","urlTemplate":"https:\/\/www.alsaflam.com\/?s={search_term_string}"},"query-input":{"@type":"PropertyValueSpecification","valueRequired":true,"valueName":"search_term_string"}}],"inLanguage":"en-US"},{"@type":"Organization","@id":"https:\/\/www.alsaflam.com\/#organization","name":"Alsaflam","url":"https:\/\/www.alsaflam.com\/","logo":{"@type":"ImageObject","inLanguage":"en-US","@id":"https:\/\/www.alsaflam.com\/#\/schema\/logo\/image\/","url":"https:\/\/www.alsaflam.com\/wp-content\/uploads\/2021\/10\/3.jpg","contentUrl":"https:\/\/www.alsaflam.com\/wp-content\/uploads\/2021\/10\/3.jpg","width":2400,"height":1600,"caption":"Alsaflam"},"image":{"@id":"https:\/\/www.alsaflam.com\/#\/schema\/logo\/image\/"}}]}},"_links":{"self":[{"href":"https:\/\/www.alsaflam.com\/en\/wp-json\/wp\/v2\/pages\/1078","targetHints":{"allow":["GET"]}}],"collection":[{"href":"https:\/\/www.alsaflam.com\/en\/wp-json\/wp\/v2\/pages"}],"about":[{"href":"https:\/\/www.alsaflam.com\/en\/wp-json\/wp\/v2\/types\/page"}],"author":[{"embeddable":true,"href":"https:\/\/www.alsaflam.com\/en\/wp-json\/wp\/v2\/users\/6"}],"replies":[{"embeddable":true,"href":"https:\/\/www.alsaflam.com\/en\/wp-json\/wp\/v2\/comments?post=1078"}],"version-history":[{"count":8,"href":"https:\/\/www.alsaflam.com\/en\/wp-json\/wp\/v2\/pages\/1078\/revisions"}],"predecessor-version":[{"id":1548,"href":"https:\/\/www.alsaflam.com\/en\/wp-json\/wp\/v2\/pages\/1078\/revisions\/1548"}],"up":[{"embeddable":true,"href":"https:\/\/www.alsaflam.com\/en\/wp-json\/wp\/v2\/pages\/1093"}],"wp:featuredmedia":[{"embeddable":true,"href":"https:\/\/www.alsaflam.com\/en\/wp-json\/wp\/v2\/media\/961"}],"wp:attachment":[{"href":"https:\/\/www.alsaflam.com\/en\/wp-json\/wp\/v2\/media?parent=1078"}],"curies":[{"name":"wp","href":"https:\/\/api.w.org\/{rel}","templated":true}]}}